{"id":3331,"date":"2025-04-08T07:29:51","date_gmt":"2025-04-08T07:29:51","guid":{"rendered":"https:\/\/project-effector.eu\/les-equipes-deffector\/"},"modified":"2025-05-16T09:04:01","modified_gmt":"2025-05-16T09:04:01","slug":"les-equipes-deffector","status":"publish","type":"page","link":"https:\/\/project-effector.eu\/en\/les-equipes-deffector\/","title":{"rendered":"EFFECTOR teams"},"content":{"rendered":"\t\t<div data-elementor-type=\"wp-page\" data-elementor-id=\"3331\" class=\"elementor elementor-3331 elementor-3302\" data-elementor-post-type=\"page\">\n\t\t\t\t<div class=\"elementor-element elementor-element-f190510 e-flex e-con-boxed e-con e-parent\" data-id=\"f190510\" data-element_type=\"container\" data-e-type=\"container\" data-settings=\"{&quot;jet_parallax_layout_list&quot;:[]}\">\n\t\t\t\t\t<div class=\"e-con-inner\">\n\t\t\t\t<div class=\"elementor-element elementor-element-f37c5c5 elementor-widget elementor-widget-heading\" data-id=\"f37c5c5\" data-element_type=\"widget\" data-e-type=\"widget\" data-widget_type=\"heading.default\">\n\t\t\t\t\t<h2 class=\"elementor-heading-title elementor-size-default\">EFFECTOR teams<\/h2>\t\t\t\t<\/div>\n\t\t\t\t<div data-dce-text-color=\"#8a8a8a\" data-dce-title-color=\"#000000\" class=\"elementor-element elementor-element-8a1bac4 elementor-widget elementor-widget-ucaddon_team_member_grid\" data-id=\"8a1bac4\" data-element_type=\"widget\" data-e-type=\"widget\" data-widget_type=\"ucaddon_team_member_grid.default\">\n\t\t\t\t<div class=\"elementor-widget-container\">\n\t\t\t\t\t\n<!-- start Team Member Grid -->\n\t\t<link id='font-awesome-css' href='https:\/\/project-effector.eu\/wp-content\/plugins\/unlimited-elements-for-elementor-premium\/assets_libraries\/font-awesome6\/fontawesome-all.min.css' type='text\/css' rel='stylesheet' >\n\t\t<link id='font-awesome-4-shim-css' href='https:\/\/project-effector.eu\/wp-content\/plugins\/unlimited-elements-for-elementor-premium\/assets_libraries\/font-awesome6\/fontawesome-v4-shims.min.css' type='text\/css' rel='stylesheet' >\n\n<style>\/* widget: Team Member Grid *\/\n\n\n\n#uc_team_member_grid_elementor_8a1bac4 *{\n  box-sizing:border-box;\n}\n#uc_team_member_grid_elementor_8a1bac4\n{\n  position:relative;\n  display:grid;\n}\n\n\n#uc_team_member_grid_elementor_8a1bac4 .team_member_grid_image_container\n{\n  display:inline-block;\n  overflow:hidden;\n  position:relative;\n  vertical-align:bottom;\n}\n\n\n#uc_team_member_grid_elementor_8a1bac4 .team_member_grid_image\n{\n  vertical-align:bottom;\n}\n\n#uc_team_member_grid_elementor_8a1bac4 .team_member_grid_image img\n{\n  object-fit:cover;\n  width:100%;\n  display:block;\n  transition:0.5s;\n  vertical-align:bottom;\n}\n#uc_team_member_grid_elementor_8a1bac4 .ue_grid_item\n{\n  position:relative;\n  overflow:hidden;  display:flex;\n  flex-direction:column;\n\n}\n.team_member_grid_title\n{\n  font-size:18px;\n}\n\n#uc_team_member_grid_elementor_8a1bac4 .team_member_grid_icons a\n{\n  display:inline-flex;\n  text-decoration:none;\n  align-items:center;\n  justify-content:center;\n  line-height:1em;\n  transition:0.3s;\n}\n\n#uc_team_member_grid_elementor_8a1bac4 .team_member_grid_icons a svg\n{\n  width:1em;\n  height:1em;\n}\n\n#uc_team_member_grid_elementor_8a1bac4 .uc_more_btn\n{\n  transition:0.3s;\n  text-align:center;\n  text-decoration:none;\n}\n\n#uc_team_member_grid_elementor_8a1bac4 .team_member_grid_image_overlay\n{\n  position:absolute;\n  top:0;\n  left:0;\n  transition:0.3s;\n  display:flex;\n  flex-direction:column;\n  justify-content:center;\n  align-items:center;\n}\n\n#uc_team_member_grid_elementor_8a1bac4 .team_member_grid_content\n{\n  display:flex;\n  flex-direction:column;\n  flex-grow: 1;\n}\n\n\n#uc_team_member_grid_elementor_8a1bac4 .team_member_grid_content .team_member_grid_text\n{\nflex-grow: 1;\n}\n\n#uc_team_member_grid_elementor_8a1bac4 .team_member_grid_content .team_member_grid_icons\n{\n  margin-top:auto;\n}\n\n#uc_team_member_grid_elementor_8a1bac4 .ue-company-logo img\n{\n  width:100%;\n}\n\n\n<\/style>\n\n<div id=\"uc_team_member_grid_elementor_8a1bac4\" class=\"team_member_grid uc-items-wrapper  \" >\n  \n<div class=\"ue_grid_item\">\n  <div class=\"team_member_grid_header\">\n    \n          <div class=\"team_member_grid_image\">\n        <div class=\"team_member_grid_image_container\">\n          <img decoding=\"async\" src=\"https:\/\/project-effector.eu\/wp-content\/uploads\/ac_assets\/team_member_grid\/avatar.jpeg\" alt=\"\"  src=\"https:\/\/project-effector.eu\/wp-content\/uploads\/ac_assets\/team_member_grid\/avatar.jpeg\">\n          <div class=\"team_member_grid_image_overlay\">\n            \t\n                                  <\/div>\n        <\/div>\n      <\/div>\n    \n    \t\n    \t\n          \n        \n  <\/div>\n  \n  <div class=\"team_member_grid_content\">\n        \n    <div class=\"team_member_grid_title\">Phillipe Grenier<\/div>\t\n    <div class=\"team_member_grid_subtitle\">Director<\/div>        \n    \n    <div class=\"team_member_grid_text\"><p><span data-olk-copy-source=\"MessageBody\">R\u00f4le dans le projet : hdhzth<\/span><\/p>\n<p>Organisation : qetthqhqe<\/p>\n<\/div>\t\n    <div class=\"team_member_grid_icons\">\n  <a class=\"\" href=\"#\" ><i class='fab fa-facebook-f'><\/i><\/a>\t\n  <a class=\"\" href=\"#\" ><i class='fab fa-twitter'><\/i><\/a>\t\n  <a class=\"\" href=\"#\" ><i class='fab fa-instagram'><\/i><\/a>\t\n  <a class=\"\" href=\"#\" ><i class='fas fa-link'><\/i><\/a>\t\n<\/div>\n    \n          <div class=\"team_member_grid_button\">\n                  <a href=\"\" class=\"uc_more_btn\" >Complete profile<\/a>\n              <\/div>\n        \n  <\/div>\n  \n    \n<\/div>\n\n<div class=\"ue_grid_item\">\n  <div class=\"team_member_grid_header\">\n    \n          <div class=\"team_member_grid_image\">\n        <div class=\"team_member_grid_image_container\">\n          <img decoding=\"async\" src=\"https:\/\/project-effector.eu\/wp-content\/uploads\/ac_assets\/team_member_grid\/avatar.jpeg\" alt=\"\"  src=\"https:\/\/project-effector.eu\/wp-content\/uploads\/ac_assets\/team_member_grid\/avatar.jpeg\">\n          <div class=\"team_member_grid_image_overlay\">\n            \t\n                                  <\/div>\n        <\/div>\n      <\/div>\n    \n    \t\n    \t\n          \n        \n  <\/div>\n  \n  <div class=\"team_member_grid_content\">\n        \n    <div class=\"team_member_grid_title\">Test profil<\/div>\t\n    <div class=\"team_member_grid_subtitle\">Grade<\/div>        \n    \n    <div class=\"team_member_grid_text\"><p><span data-olk-copy-source=\"MessageBody\">R\u00f4le dans le projet :<\/span><\/p>\n<p>Organisation :<\/p>\n<\/div>\t\n    <div class=\"team_member_grid_icons\">\n  <a class=\"\" href=\"#\" ><i class='fab fa-facebook-f'><\/i><\/a>\t\n  <a class=\"\" href=\"#\" ><i class='fab fa-twitter'><\/i><\/a>\t\n  <a class=\"\" href=\"#\" ><i class='fab fa-instagram'><\/i><\/a>\t\n  <a class=\"\" href=\"#\" ><i class='fas fa-link'><\/i><\/a>\t\n<\/div>\n    \n          <div class=\"team_member_grid_button\">\n                  <a href=\"https:\/\/project-effector.eu\/test-profil\/\" class=\"uc_more_btn\" >Complete profile<\/a>\n              <\/div>\n        \n  <\/div>\n  \n    \n<\/div>\n\n<div class=\"ue_grid_item\">\n  <div class=\"team_member_grid_header\">\n    \n          <div class=\"team_member_grid_image\">\n        <div class=\"team_member_grid_image_container\">\n          <img decoding=\"async\" src=\"https:\/\/project-effector.eu\/wp-content\/uploads\/ac_assets\/team_member_grid\/avatar.jpeg\" alt=\"\"  src=\"https:\/\/project-effector.eu\/wp-content\/uploads\/ac_assets\/team_member_grid\/avatar.jpeg\">\n          <div class=\"team_member_grid_image_overlay\">\n            \t\n                                  <\/div>\n        <\/div>\n      <\/div>\n    \n    \t\n    \t\n          \n        \n  <\/div>\n  \n  <div class=\"team_member_grid_content\">\n        \n    <div class=\"team_member_grid_title\">Firts name and last name<\/div>\t\n    <div class=\"team_member_grid_subtitle\">Grade<\/div>        \n    \n    <div class=\"team_member_grid_text\"><p><span data-olk-copy-source=\"MessageBody\">R\u00f4le dans le projet :<\/span><\/p>\n<p>Organisation :<\/p>\n<\/div>\t\n    <div class=\"team_member_grid_icons\">\n  <a class=\"\" href=\"#\" ><i class='fab fa-facebook-f'><\/i><\/a>\t\n  <a class=\"\" href=\"#\" ><i class='fab fa-twitter'><\/i><\/a>\t\n  <a class=\"\" href=\"#\" ><i class='fab fa-instagram'><\/i><\/a>\t\n  <a class=\"\" href=\"#\" ><i class='fas fa-link'><\/i><\/a>\t\n<\/div>\n    \n          <div class=\"team_member_grid_button\">\n                  <a href=\"#\" class=\"uc_more_btn\" >Complete profile<\/a>\n              <\/div>\n        \n  <\/div>\n  \n    \n<\/div>\n\n<div class=\"ue_grid_item\">\n  <div class=\"team_member_grid_header\">\n    \n          <div class=\"team_member_grid_image\">\n        <div class=\"team_member_grid_image_container\">\n          <img decoding=\"async\" src=\"https:\/\/project-effector.eu\/wp-content\/uploads\/ac_assets\/team_member_grid\/avatar.jpeg\" alt=\"\"  src=\"https:\/\/project-effector.eu\/wp-content\/uploads\/ac_assets\/team_member_grid\/avatar.jpeg\">\n          <div class=\"team_member_grid_image_overlay\">\n            \t\n                                  <\/div>\n        <\/div>\n      <\/div>\n    \n    \t\n    \t\n          \n        \n  <\/div>\n  \n  <div class=\"team_member_grid_content\">\n        \n    <div class=\"team_member_grid_title\">Firts name and last name<\/div>\t\n    <div class=\"team_member_grid_subtitle\">Grade<\/div>        \n    \n    <div class=\"team_member_grid_text\"><p><span data-olk-copy-source=\"MessageBody\">R\u00f4le dans le projet :<\/span><\/p>\n<p>Organisation :<\/p>\n<\/div>\t\n    <div class=\"team_member_grid_icons\">\n  <a class=\"\" href=\"#\" ><i class='fab fa-facebook-f'><\/i><\/a>\t\n  <a class=\"\" href=\"#\" ><i class='fab fa-twitter'><\/i><\/a>\t\n  <a class=\"\" href=\"#\" ><i class='fab fa-instagram'><\/i><\/a>\t\n  <a class=\"\" href=\"#\" ><i class='fas fa-link'><\/i><\/a>\t\n<\/div>\n    \n          <div class=\"team_member_grid_button\">\n                  <a href=\"#\" class=\"uc_more_btn\" >Complete profile<\/a>\n              <\/div>\n        \n  <\/div>\n  \n    \n<\/div>\n\n<div class=\"ue_grid_item\">\n  <div class=\"team_member_grid_header\">\n    \n          <div class=\"team_member_grid_image\">\n        <div class=\"team_member_grid_image_container\">\n          <img decoding=\"async\" src=\"https:\/\/project-effector.eu\/wp-content\/uploads\/ac_assets\/team_member_grid\/avatar.jpeg\" alt=\"\"  src=\"https:\/\/project-effector.eu\/wp-content\/uploads\/ac_assets\/team_member_grid\/avatar.jpeg\">\n          <div class=\"team_member_grid_image_overlay\">\n            \t\n                                  <\/div>\n        <\/div>\n      <\/div>\n    \n    \t\n    \t\n          \n        \n  <\/div>\n  \n  <div class=\"team_member_grid_content\">\n        \n    <div class=\"team_member_grid_title\">Firts name and last name<\/div>\t\n    <div class=\"team_member_grid_subtitle\">Grade<\/div>        \n    \n    <div class=\"team_member_grid_text\"><p><span data-olk-copy-source=\"MessageBody\">R\u00f4le dans le projet :<\/span><\/p>\n<p>Organisation :<\/p>\n<\/div>\t\n    <div class=\"team_member_grid_icons\">\n  <a class=\"\" href=\"#\" ><i class='fab fa-facebook-f'><\/i><\/a>\t\n  <a class=\"\" href=\"#\" ><i class='fab fa-twitter'><\/i><\/a>\t\n  <a class=\"\" href=\"#\" ><i class='fab fa-instagram'><\/i><\/a>\t\n  <a class=\"\" href=\"#\" ><i class='fas fa-link'><\/i><\/a>\t\n<\/div>\n    \n          <div class=\"team_member_grid_button\">\n                  <a href=\"#\" class=\"uc_more_btn\" >Complete profile<\/a>\n              <\/div>\n        \n  <\/div>\n  \n    \n<\/div>\n\n<div class=\"ue_grid_item\">\n  <div class=\"team_member_grid_header\">\n    \n          <div class=\"team_member_grid_image\">\n        <div class=\"team_member_grid_image_container\">\n          <img decoding=\"async\" src=\"https:\/\/project-effector.eu\/wp-content\/uploads\/ac_assets\/team_member_grid\/avatar.jpeg\" alt=\"\"  src=\"https:\/\/project-effector.eu\/wp-content\/uploads\/ac_assets\/team_member_grid\/avatar.jpeg\">\n          <div class=\"team_member_grid_image_overlay\">\n            \t\n                                  <\/div>\n        <\/div>\n      <\/div>\n    \n    \t\n    \t\n          \n        \n  <\/div>\n  \n  <div class=\"team_member_grid_content\">\n        \n    <div class=\"team_member_grid_title\">Firts name and last name<\/div>\t\n    <div class=\"team_member_grid_subtitle\">Grade<\/div>        \n    \n    <div class=\"team_member_grid_text\"><p><span data-olk-copy-source=\"MessageBody\">R\u00f4le dans le projet :<\/span><\/p>\n<p>Organisation :<\/p>\n<\/div>\t\n    <div class=\"team_member_grid_icons\">\n  <a class=\"\" href=\"#\" ><i class='fab fa-facebook-f'><\/i><\/a>\t\n  <a class=\"\" href=\"#\" ><i class='fab fa-twitter'><\/i><\/a>\t\n  <a class=\"\" href=\"#\" ><i class='fab fa-instagram'><\/i><\/a>\t\n  <a class=\"\" href=\"#\" ><i class='fas fa-link'><\/i><\/a>\t\n<\/div>\n    \n          <div class=\"team_member_grid_button\">\n                  <a href=\"#\" class=\"uc_more_btn\" >Complete profile<\/a>\n              <\/div>\n        \n  <\/div>\n  \n    \n<\/div>\n\n<\/div>\n<!-- end Team Member Grid -->\t\t\t\t<\/div>\n\t\t\t\t<\/div>\n\t\t\t\t\t<\/div>\n\t\t\t\t<\/div>\n\t\t\t\t<\/div>\n\t\t","protected":false},"excerpt":{"rendered":"<p>Phillipe Grenier Director R\u00f4le dans le projet : hdhzth Organisation : qetthqhqe Complete profile Test profil Grade R\u00f4le dans le projet : Organisation : Complete profile Firts name and last name Grade R\u00f4le dans le projet : Organisation : Complete profile Firts name and last name Grade R\u00f4le dans le projet : Organisation : Complete [&hellip;]<\/p>\n","protected":false},"author":1,"featured_media":0,"parent":0,"menu_order":0,"comment_status":"closed","ping_status":"closed","template":"","meta":{"_acf_changed":false,"footnotes":""},"class_list":["post-3331","page","type-page","status-publish","hentry"],"acf":[],"yoast_head":"<!-- This site is optimized with the Yoast SEO plugin v27.2 - https:\/\/yoast.com\/product\/yoast-seo-wordpress\/ -->\n<title>EFFECTOR teams - Effector<\/title>\n<meta name=\"description\" content=\"Meet the EFFECTOR project team: researchers, engineers, and European partners collaborating to develop sustainable and innovative organic photovoltaic solutions.\" \/>\n<meta name=\"robots\" content=\"index, follow, max-snippet:-1, max-image-preview:large, max-video-preview:-1\" \/>\n<link rel=\"canonical\" href=\"https:\/\/project-effector.eu\/en\/les-equipes-deffector\/\" \/>\n<meta property=\"og:locale\" content=\"en_US\" \/>\n<meta property=\"og:type\" content=\"article\" \/>\n<meta property=\"og:title\" content=\"EFFECTOR teams - Effector\" \/>\n<meta property=\"og:description\" content=\"Meet the EFFECTOR project team: researchers, engineers, and European partners collaborating to develop sustainable and innovative organic photovoltaic solutions.\" \/>\n<meta property=\"og:url\" content=\"https:\/\/project-effector.eu\/en\/les-equipes-deffector\/\" \/>\n<meta property=\"og:site_name\" content=\"Effector\" \/>\n<meta property=\"article:modified_time\" content=\"2025-05-16T09:04:01+00:00\" \/>\n<meta property=\"og:image\" content=\"https:\/\/project-effector.eu\/wp-content\/uploads\/ac_assets\/team_member_grid\/avatar.jpeg\" \/>\n<meta name=\"twitter:card\" content=\"summary_large_image\" \/>\n<meta name=\"twitter:label1\" content=\"Est. reading time\" \/>\n\t<meta name=\"twitter:data1\" content=\"2 minutes\" \/>\n<script type=\"application\/ld+json\" class=\"yoast-schema-graph\">{\"@context\":\"https:\/\/schema.org\",\"@graph\":[{\"@type\":\"WebPage\",\"@id\":\"https:\/\/project-effector.eu\/en\/les-equipes-deffector\/\",\"url\":\"https:\/\/project-effector.eu\/en\/les-equipes-deffector\/\",\"name\":\"EFFECTOR teams - Effector\",\"isPartOf\":{\"@id\":\"https:\/\/project-effector.eu\/en\/#website\"},\"primaryImageOfPage\":{\"@id\":\"https:\/\/project-effector.eu\/en\/les-equipes-deffector\/#primaryimage\"},\"image\":{\"@id\":\"https:\/\/project-effector.eu\/en\/les-equipes-deffector\/#primaryimage\"},\"thumbnailUrl\":\"https:\/\/project-effector.eu\/wp-content\/uploads\/ac_assets\/team_member_grid\/avatar.jpeg\",\"datePublished\":\"2025-04-08T07:29:51+00:00\",\"dateModified\":\"2025-05-16T09:04:01+00:00\",\"description\":\"Meet the EFFECTOR project team: researchers, engineers, and European partners collaborating to develop sustainable and innovative organic photovoltaic solutions.\",\"breadcrumb\":{\"@id\":\"https:\/\/project-effector.eu\/en\/les-equipes-deffector\/#breadcrumb\"},\"inLanguage\":\"en-US\",\"potentialAction\":[{\"@type\":\"ReadAction\",\"target\":[\"https:\/\/project-effector.eu\/en\/les-equipes-deffector\/\"]}]},{\"@type\":\"ImageObject\",\"inLanguage\":\"en-US\",\"@id\":\"https:\/\/project-effector.eu\/en\/les-equipes-deffector\/#primaryimage\",\"url\":\"https:\/\/project-effector.eu\/wp-content\/uploads\/ac_assets\/team_member_grid\/avatar.jpeg\",\"contentUrl\":\"https:\/\/project-effector.eu\/wp-content\/uploads\/ac_assets\/team_member_grid\/avatar.jpeg\"},{\"@type\":\"BreadcrumbList\",\"@id\":\"https:\/\/project-effector.eu\/en\/les-equipes-deffector\/#breadcrumb\",\"itemListElement\":[{\"@type\":\"ListItem\",\"position\":1,\"name\":\"Accueil\",\"item\":\"https:\/\/project-effector.eu\/en\/\"},{\"@type\":\"ListItem\",\"position\":2,\"name\":\"EFFECTOR teams\"}]},{\"@type\":\"WebSite\",\"@id\":\"https:\/\/project-effector.eu\/en\/#website\",\"url\":\"https:\/\/project-effector.eu\/en\/\",\"name\":\"Effector\",\"description\":\"\",\"publisher\":{\"@id\":\"https:\/\/project-effector.eu\/en\/#organization\"},\"potentialAction\":[{\"@type\":\"SearchAction\",\"target\":{\"@type\":\"EntryPoint\",\"urlTemplate\":\"https:\/\/project-effector.eu\/en\/?s={search_term_string}\"},\"query-input\":{\"@type\":\"PropertyValueSpecification\",\"valueRequired\":true,\"valueName\":\"search_term_string\"}}],\"inLanguage\":\"en-US\"},{\"@type\":\"Organization\",\"@id\":\"https:\/\/project-effector.eu\/en\/#organization\",\"name\":\"Effector\",\"url\":\"https:\/\/project-effector.eu\/en\/\",\"logo\":{\"@type\":\"ImageObject\",\"inLanguage\":\"en-US\",\"@id\":\"https:\/\/project-effector.eu\/en\/#\/schema\/logo\/image\/\",\"url\":\"https:\/\/project-effector.eu\/wp-content\/uploads\/2025\/01\/Logo-EFFECTOR-CMJN-FINAL.png\",\"contentUrl\":\"https:\/\/project-effector.eu\/wp-content\/uploads\/2025\/01\/Logo-EFFECTOR-CMJN-FINAL.png\",\"width\":2560,\"height\":404,\"caption\":\"Effector\"},\"image\":{\"@id\":\"https:\/\/project-effector.eu\/en\/#\/schema\/logo\/image\/\"}}]}<\/script>\n<!-- \/ Yoast SEO plugin. -->","yoast_head_json":{"title":"EFFECTOR teams - Effector","description":"Meet the EFFECTOR project team: researchers, engineers, and European partners collaborating to develop sustainable and innovative organic photovoltaic solutions.","robots":{"index":"index","follow":"follow","max-snippet":"max-snippet:-1","max-image-preview":"max-image-preview:large","max-video-preview":"max-video-preview:-1"},"canonical":"https:\/\/project-effector.eu\/en\/les-equipes-deffector\/","og_locale":"en_US","og_type":"article","og_title":"EFFECTOR teams - Effector","og_description":"Meet the EFFECTOR project team: researchers, engineers, and European partners collaborating to develop sustainable and innovative organic photovoltaic solutions.","og_url":"https:\/\/project-effector.eu\/en\/les-equipes-deffector\/","og_site_name":"Effector","article_modified_time":"2025-05-16T09:04:01+00:00","og_image":[{"url":"https:\/\/project-effector.eu\/wp-content\/uploads\/ac_assets\/team_member_grid\/avatar.jpeg","type":"","width":"","height":""}],"twitter_card":"summary_large_image","twitter_misc":{"Est. reading time":"2 minutes"},"schema":{"@context":"https:\/\/schema.org","@graph":[{"@type":"WebPage","@id":"https:\/\/project-effector.eu\/en\/les-equipes-deffector\/","url":"https:\/\/project-effector.eu\/en\/les-equipes-deffector\/","name":"EFFECTOR teams - Effector","isPartOf":{"@id":"https:\/\/project-effector.eu\/en\/#website"},"primaryImageOfPage":{"@id":"https:\/\/project-effector.eu\/en\/les-equipes-deffector\/#primaryimage"},"image":{"@id":"https:\/\/project-effector.eu\/en\/les-equipes-deffector\/#primaryimage"},"thumbnailUrl":"https:\/\/project-effector.eu\/wp-content\/uploads\/ac_assets\/team_member_grid\/avatar.jpeg","datePublished":"2025-04-08T07:29:51+00:00","dateModified":"2025-05-16T09:04:01+00:00","description":"Meet the EFFECTOR project team: researchers, engineers, and European partners collaborating to develop sustainable and innovative organic photovoltaic solutions.","breadcrumb":{"@id":"https:\/\/project-effector.eu\/en\/les-equipes-deffector\/#breadcrumb"},"inLanguage":"en-US","potentialAction":[{"@type":"ReadAction","target":["https:\/\/project-effector.eu\/en\/les-equipes-deffector\/"]}]},{"@type":"ImageObject","inLanguage":"en-US","@id":"https:\/\/project-effector.eu\/en\/les-equipes-deffector\/#primaryimage","url":"https:\/\/project-effector.eu\/wp-content\/uploads\/ac_assets\/team_member_grid\/avatar.jpeg","contentUrl":"https:\/\/project-effector.eu\/wp-content\/uploads\/ac_assets\/team_member_grid\/avatar.jpeg"},{"@type":"BreadcrumbList","@id":"https:\/\/project-effector.eu\/en\/les-equipes-deffector\/#breadcrumb","itemListElement":[{"@type":"ListItem","position":1,"name":"Accueil","item":"https:\/\/project-effector.eu\/en\/"},{"@type":"ListItem","position":2,"name":"EFFECTOR teams"}]},{"@type":"WebSite","@id":"https:\/\/project-effector.eu\/en\/#website","url":"https:\/\/project-effector.eu\/en\/","name":"Effector","description":"","publisher":{"@id":"https:\/\/project-effector.eu\/en\/#organization"},"potentialAction":[{"@type":"SearchAction","target":{"@type":"EntryPoint","urlTemplate":"https:\/\/project-effector.eu\/en\/?s={search_term_string}"},"query-input":{"@type":"PropertyValueSpecification","valueRequired":true,"valueName":"search_term_string"}}],"inLanguage":"en-US"},{"@type":"Organization","@id":"https:\/\/project-effector.eu\/en\/#organization","name":"Effector","url":"https:\/\/project-effector.eu\/en\/","logo":{"@type":"ImageObject","inLanguage":"en-US","@id":"https:\/\/project-effector.eu\/en\/#\/schema\/logo\/image\/","url":"https:\/\/project-effector.eu\/wp-content\/uploads\/2025\/01\/Logo-EFFECTOR-CMJN-FINAL.png","contentUrl":"https:\/\/project-effector.eu\/wp-content\/uploads\/2025\/01\/Logo-EFFECTOR-CMJN-FINAL.png","width":2560,"height":404,"caption":"Effector"},"image":{"@id":"https:\/\/project-effector.eu\/en\/#\/schema\/logo\/image\/"}}]}},"_links":{"self":[{"href":"https:\/\/project-effector.eu\/en\/wp-json\/wp\/v2\/pages\/3331","targetHints":{"allow":["GET"]}}],"collection":[{"href":"https:\/\/project-effector.eu\/en\/wp-json\/wp\/v2\/pages"}],"about":[{"href":"https:\/\/project-effector.eu\/en\/wp-json\/wp\/v2\/types\/page"}],"author":[{"embeddable":true,"href":"https:\/\/project-effector.eu\/en\/wp-json\/wp\/v2\/users\/1"}],"replies":[{"embeddable":true,"href":"https:\/\/project-effector.eu\/en\/wp-json\/wp\/v2\/comments?post=3331"}],"version-history":[{"count":2,"href":"https:\/\/project-effector.eu\/en\/wp-json\/wp\/v2\/pages\/3331\/revisions"}],"predecessor-version":[{"id":3333,"href":"https:\/\/project-effector.eu\/en\/wp-json\/wp\/v2\/pages\/3331\/revisions\/3333"}],"wp:attachment":[{"href":"https:\/\/project-effector.eu\/en\/wp-json\/wp\/v2\/media?parent=3331"}],"curies":[{"name":"wp","href":"https:\/\/api.w.org\/{rel}","templated":true}]}}