{"id":3334,"date":"2025-04-08T07:37:25","date_gmt":"2025-04-08T07:37:25","guid":{"rendered":"https:\/\/project-effector.eu\/philippe-grenier\/"},"modified":"2026-03-12T08:51:27","modified_gmt":"2026-03-12T08:51:27","slug":"philippe-grenier","status":"publish","type":"page","link":"https:\/\/project-effector.eu\/en\/philippe-grenier\/","title":{"rendered":"Philippe Grenier"},"content":{"rendered":"\t\t<div data-elementor-type=\"wp-page\" data-elementor-id=\"3334\" class=\"elementor elementor-3334 elementor-3308\" data-elementor-post-type=\"page\">\n\t\t\t\t<div class=\"elementor-element elementor-element-0959977 e-flex e-con-boxed e-con e-parent\" data-id=\"0959977\" data-element_type=\"container\" data-e-type=\"container\" data-settings=\"{&quot;jet_parallax_layout_list&quot;:[]}\">\n\t\t\t\t\t<div class=\"e-con-inner\">\n\t\t\t\t<div data-dce-text-color=\"#8a8a8a\" data-dce-title-color=\"#000000\" class=\"elementor-element elementor-element-dfdccc1 elementor-widget elementor-widget-ucaddon_team_member_grid\" data-id=\"dfdccc1\" data-element_type=\"widget\" data-e-type=\"widget\" data-widget_type=\"ucaddon_team_member_grid.default\">\n\t\t\t\t<div class=\"elementor-widget-container\">\n\t\t\t\t\t\n<!-- start Team Member Grid -->\n\t\t<link id='font-awesome-css' href='https:\/\/project-effector.eu\/wp-content\/plugins\/unlimited-elements-for-elementor-premium\/assets_libraries\/font-awesome6\/fontawesome-all.min.css' type='text\/css' rel='stylesheet' >\n\t\t<link id='font-awesome-4-shim-css' href='https:\/\/project-effector.eu\/wp-content\/plugins\/unlimited-elements-for-elementor-premium\/assets_libraries\/font-awesome6\/fontawesome-v4-shims.min.css' type='text\/css' rel='stylesheet' >\n\n<style>\/* widget: Team Member Grid *\/\n\n\n\n#uc_team_member_grid_elementor_dfdccc1 *{\n  box-sizing:border-box;\n}\n#uc_team_member_grid_elementor_dfdccc1\n{\n  position:relative;\n  display:grid;\n}\n\n\n#uc_team_member_grid_elementor_dfdccc1 .team_member_grid_image_container\n{\n  display:inline-block;\n  overflow:hidden;\n  position:relative;\n  vertical-align:bottom;\n}\n\n\n#uc_team_member_grid_elementor_dfdccc1 .team_member_grid_image\n{\n  vertical-align:bottom;\n}\n\n#uc_team_member_grid_elementor_dfdccc1 .team_member_grid_image img\n{\n  object-fit:cover;\n  width:100%;\n  display:block;\n  transition:0.5s;\n  vertical-align:bottom;\n}\n#uc_team_member_grid_elementor_dfdccc1 .ue_grid_item\n{\n  position:relative;\n  overflow:hidden;  display:flex;\n  flex-direction:column;\n\n}\n.team_member_grid_title\n{\n  font-size:18px;\n}\n\n#uc_team_member_grid_elementor_dfdccc1 .team_member_grid_icons a\n{\n  display:inline-flex;\n  text-decoration:none;\n  align-items:center;\n  justify-content:center;\n  line-height:1em;\n  transition:0.3s;\n}\n\n#uc_team_member_grid_elementor_dfdccc1 .team_member_grid_icons a svg\n{\n  width:1em;\n  height:1em;\n}\n\n#uc_team_member_grid_elementor_dfdccc1 .uc_more_btn\n{\n  transition:0.3s;\n  text-align:center;\n  text-decoration:none;\n}\n\n#uc_team_member_grid_elementor_dfdccc1 .team_member_grid_image_overlay\n{\n  position:absolute;\n  top:0;\n  left:0;\n  transition:0.3s;\n  display:flex;\n  flex-direction:column;\n  justify-content:center;\n  align-items:center;\n}\n\n#uc_team_member_grid_elementor_dfdccc1 .team_member_grid_content\n{\n  display:flex;\n  flex-direction:column;\n  flex-grow: 1;\n}\n\n\n#uc_team_member_grid_elementor_dfdccc1 .team_member_grid_content .team_member_grid_text\n{\nflex-grow: 1;\n}\n\n#uc_team_member_grid_elementor_dfdccc1 .team_member_grid_content .team_member_grid_icons\n{\n  margin-top:auto;\n}\n\n#uc_team_member_grid_elementor_dfdccc1 .ue-company-logo img\n{\n  width:100%;\n}\n\n\n<\/style>\n\n<div id=\"uc_team_member_grid_elementor_dfdccc1\" class=\"team_member_grid uc-items-wrapper  \" >\n  \n<div class=\"ue_grid_item\">\n  <div class=\"team_member_grid_header\">\n    \n          <div class=\"team_member_grid_image\">\n        <div class=\"team_member_grid_image_container\">\n          <img decoding=\"async\" src=\"https:\/\/project-effector.eu\/wp-content\/uploads\/ac_assets\/team_member_grid\/avatar.jpeg\" alt=\"\"  src=\"https:\/\/project-effector.eu\/wp-content\/uploads\/ac_assets\/team_member_grid\/avatar.jpeg\">\n          <div class=\"team_member_grid_image_overlay\">\n            \t\n                                  <\/div>\n        <\/div>\n      <\/div>\n    \n    \t\n    \t\n          \n        \n  <\/div>\n  \n  <div class=\"team_member_grid_content\">\n        \n    <div class=\"team_member_grid_title\">Nom et pr\u00e9nom<\/div>\t\n    <div class=\"team_member_grid_subtitle\">Titre\/Grade<\/div>        \n    \n    <div class=\"team_member_grid_text\"><p style=\"text-align: left;\"><span data-olk-copy-source=\"MessageBody\">R\u00f4le dans le projet :<\/span><\/p><p style=\"text-align: left;\">Organisation :<\/p><div style=\"text-align: left;\"><p class=\"x_MsoNormal\"><i><span data-olk-copy-source=\"MessageBody\">Section Pr\u00e9sentation<\/span><\/i><\/p><\/div><div style=\"text-align: left;\"><p class=\"x_MsoNormal\">Pr\u00e9sentation r\u00e9sum\u00e9e (parcours, comp\u00e9tences, exp\u00e9riences majeures)<\/p><\/div><div style=\"text-align: left;\"><p class=\"x_MsoNormal\"><i>\u00a0<\/i><\/p><\/div><div style=\"text-align: left;\"><p class=\"x_MsoNormal\"><i>Section formation<\/i><\/p><\/div><div style=\"text-align: left;\"><p class=\"x_MsoNormal\">Formation acad\u00e9mique (liste)\u00a0:<\/p><\/div><ul style=\"text-align: left;\" type=\"disc\"><li class=\"x_MsoListParagraph\">Ann\u00e9e\/Dipl\u00f4me\/Institution\/Ville\/Pays<\/li><li class=\"x_MsoListParagraph\">\u2026<\/li><\/ul><div style=\"text-align: left;\"><p class=\"x_MsoNormal\">\u00a0<\/p><\/div><div style=\"text-align: left;\"><p class=\"x_MsoNormal\"><i>Section sp\u00e9cialit\u00e9s<\/i><\/p><\/div><div style=\"text-align: left;\"><p class=\"x_MsoNormal\">Sujets de recherche\u00a0(liste) :<\/p><\/div><ul style=\"text-align: left;\" type=\"disc\"><li class=\"x_MsoListParagraph\">Th\u00e8se\u00a0: titre, ann\u00e9e de soutenance, directeur.rice de th\u00e8se, institution, th\u00e9matiques abord\u00e9es<\/li><li class=\"x_MsoListParagraph\">Autres projets de recherche\u00a0:<\/li><\/ul><ul style=\"text-align: left;\" type=\"disc\"><li style=\"list-style-type: none;\"><ul type=\"circle\"><li class=\"x_MsoListParagraph\">nom du projet, ann\u00e9e ou p\u00e9riode, directeur\/rice de recherche, institution, th\u00e9matiques abord\u00e9es<\/li><li class=\"x_MsoListParagraph\">\u2026<\/li><\/ul><\/li><\/ul><div style=\"text-align: left;\"><p class=\"x_MsoNormal\">\u00a0<\/p><\/div><div style=\"text-align: left;\"><p class=\"x_MsoNormal\"><i>Section publications<\/i><\/p><\/div><div style=\"text-align: left;\"><p class=\"x_MsoNormal\">Publications\u00a0(liste) :<\/p><\/div><ul type=\"disc\"><li class=\"x_MsoListParagraph\" style=\"text-align: left;\">Titre article, date publication, nom de la revue ou du site, th\u00e8mes abord\u00e9s, noms des co-auteurs, lien vers l\u2019article (bouton)<\/li><li class=\"x_MsoListParagraph\" style=\"text-align: left;\">\u2026<\/li><\/ul><\/div>\t\n    <div class=\"team_member_grid_icons\">\n  <a class=\"\" href=\"#\" ><i class='fab fa-facebook-f'><\/i><\/a>\t\n  <a class=\"\" href=\"#\" ><i class='fab fa-twitter'><\/i><\/a>\t\n  <a class=\"\" href=\"#\" ><i class='far fa-envelope'><\/i><\/a>\t\n  <a class=\"\" href=\"#\" ><i class='fas fa-link'><\/i><\/a>\t\n<\/div>\n    \n        \n  <\/div>\n  \n    \n<\/div>\n\n<\/div>\n<!-- end Team Member Grid -->\t\t\t\t<\/div>\n\t\t\t\t<\/div>\n\t\t\t\t\t<\/div>\n\t\t\t\t<\/div>\n\t\t<div class=\"elementor-element elementor-element-3eb608c e-flex e-con-boxed e-con e-parent\" data-id=\"3eb608c\" data-element_type=\"container\" data-e-type=\"container\" data-settings=\"{&quot;jet_parallax_layout_list&quot;:[]}\">\n\t\t\t\t\t<div class=\"e-con-inner\">\n\t\t\t\t\t<\/div>\n\t\t\t\t<\/div>\n\t\t\t\t<\/div>\n\t\t","protected":false},"excerpt":{"rendered":"<p>Nom et pr\u00e9nom Titre\/Grade R\u00f4le dans le projet : Organisation : Section Pr\u00e9sentation Pr\u00e9sentation r\u00e9sum\u00e9e (parcours, comp\u00e9tences, exp\u00e9riences majeures) \u00a0 Section formation Formation acad\u00e9mique (liste)\u00a0: Ann\u00e9e\/Dipl\u00f4me\/Institution\/Ville\/Pays \u2026 \u00a0 Section sp\u00e9cialit\u00e9s Sujets de recherche\u00a0(liste) : Th\u00e8se\u00a0: titre, ann\u00e9e de soutenance, directeur.rice de th\u00e8se, institution, th\u00e9matiques abord\u00e9es Autres projets de recherche\u00a0: nom du projet, ann\u00e9e ou p\u00e9riode, [&hellip;]<\/p>\n","protected":false},"author":1,"featured_media":0,"parent":0,"menu_order":0,"comment_status":"closed","ping_status":"closed","template":"","meta":{"_acf_changed":false,"footnotes":""},"class_list":["post-3334","page","type-page","status-publish","hentry"],"acf":[],"yoast_head":"<!-- This site is optimized with the Yoast SEO plugin v27.2 - https:\/\/yoast.com\/product\/yoast-seo-wordpress\/ -->\n<title>Philippe Grenier - Effector<\/title>\n<meta name=\"robots\" content=\"index, follow, max-snippet:-1, max-image-preview:large, max-video-preview:-1\" \/>\n<link rel=\"canonical\" href=\"https:\/\/project-effector.eu\/en\/philippe-grenier\/\" \/>\n<meta property=\"og:locale\" content=\"en_US\" \/>\n<meta property=\"og:type\" content=\"article\" \/>\n<meta property=\"og:title\" content=\"Philippe Grenier - Effector\" \/>\n<meta property=\"og:description\" content=\"Nom et pr\u00e9nom Titre\/Grade R\u00f4le dans le projet : Organisation : Section Pr\u00e9sentation Pr\u00e9sentation r\u00e9sum\u00e9e (parcours, comp\u00e9tences, exp\u00e9riences majeures) \u00a0 Section formation Formation acad\u00e9mique (liste)\u00a0: Ann\u00e9e\/Dipl\u00f4me\/Institution\/Ville\/Pays \u2026 \u00a0 Section sp\u00e9cialit\u00e9s Sujets de recherche\u00a0(liste) : Th\u00e8se\u00a0: titre, ann\u00e9e de soutenance, directeur.rice de th\u00e8se, institution, th\u00e9matiques abord\u00e9es Autres projets de recherche\u00a0: nom du projet, ann\u00e9e ou p\u00e9riode, [&hellip;]\" \/>\n<meta property=\"og:url\" content=\"https:\/\/project-effector.eu\/en\/philippe-grenier\/\" \/>\n<meta property=\"og:site_name\" content=\"Effector\" \/>\n<meta property=\"article:modified_time\" content=\"2026-03-12T08:51:27+00:00\" \/>\n<meta property=\"og:image\" content=\"https:\/\/project-effector.eu\/wp-content\/uploads\/ac_assets\/team_member_grid\/avatar.jpeg\" \/>\n<meta name=\"twitter:card\" content=\"summary_large_image\" \/>\n<meta name=\"twitter:label1\" content=\"Est. reading time\" \/>\n\t<meta name=\"twitter:data1\" content=\"1 minute\" \/>\n<script type=\"application\/ld+json\" class=\"yoast-schema-graph\">{\"@context\":\"https:\/\/schema.org\",\"@graph\":[{\"@type\":\"WebPage\",\"@id\":\"https:\/\/project-effector.eu\/en\/philippe-grenier\/\",\"url\":\"https:\/\/project-effector.eu\/en\/philippe-grenier\/\",\"name\":\"Philippe Grenier - Effector\",\"isPartOf\":{\"@id\":\"https:\/\/project-effector.eu\/en\/#website\"},\"primaryImageOfPage\":{\"@id\":\"https:\/\/project-effector.eu\/en\/philippe-grenier\/#primaryimage\"},\"image\":{\"@id\":\"https:\/\/project-effector.eu\/en\/philippe-grenier\/#primaryimage\"},\"thumbnailUrl\":\"https:\/\/project-effector.eu\/wp-content\/uploads\/ac_assets\/team_member_grid\/avatar.jpeg\",\"datePublished\":\"2025-04-08T07:37:25+00:00\",\"dateModified\":\"2026-03-12T08:51:27+00:00\",\"breadcrumb\":{\"@id\":\"https:\/\/project-effector.eu\/en\/philippe-grenier\/#breadcrumb\"},\"inLanguage\":\"en-US\",\"potentialAction\":[{\"@type\":\"ReadAction\",\"target\":[\"https:\/\/project-effector.eu\/en\/philippe-grenier\/\"]}]},{\"@type\":\"ImageObject\",\"inLanguage\":\"en-US\",\"@id\":\"https:\/\/project-effector.eu\/en\/philippe-grenier\/#primaryimage\",\"url\":\"https:\/\/project-effector.eu\/wp-content\/uploads\/ac_assets\/team_member_grid\/avatar.jpeg\",\"contentUrl\":\"https:\/\/project-effector.eu\/wp-content\/uploads\/ac_assets\/team_member_grid\/avatar.jpeg\"},{\"@type\":\"BreadcrumbList\",\"@id\":\"https:\/\/project-effector.eu\/en\/philippe-grenier\/#breadcrumb\",\"itemListElement\":[{\"@type\":\"ListItem\",\"position\":1,\"name\":\"Accueil\",\"item\":\"https:\/\/project-effector.eu\/en\/\"},{\"@type\":\"ListItem\",\"position\":2,\"name\":\"Philippe Grenier\"}]},{\"@type\":\"WebSite\",\"@id\":\"https:\/\/project-effector.eu\/en\/#website\",\"url\":\"https:\/\/project-effector.eu\/en\/\",\"name\":\"Effector\",\"description\":\"\",\"publisher\":{\"@id\":\"https:\/\/project-effector.eu\/en\/#organization\"},\"potentialAction\":[{\"@type\":\"SearchAction\",\"target\":{\"@type\":\"EntryPoint\",\"urlTemplate\":\"https:\/\/project-effector.eu\/en\/?s={search_term_string}\"},\"query-input\":{\"@type\":\"PropertyValueSpecification\",\"valueRequired\":true,\"valueName\":\"search_term_string\"}}],\"inLanguage\":\"en-US\"},{\"@type\":\"Organization\",\"@id\":\"https:\/\/project-effector.eu\/en\/#organization\",\"name\":\"Effector\",\"url\":\"https:\/\/project-effector.eu\/en\/\",\"logo\":{\"@type\":\"ImageObject\",\"inLanguage\":\"en-US\",\"@id\":\"https:\/\/project-effector.eu\/en\/#\/schema\/logo\/image\/\",\"url\":\"https:\/\/project-effector.eu\/wp-content\/uploads\/2025\/01\/Logo-EFFECTOR-CMJN-FINAL.png\",\"contentUrl\":\"https:\/\/project-effector.eu\/wp-content\/uploads\/2025\/01\/Logo-EFFECTOR-CMJN-FINAL.png\",\"width\":2560,\"height\":404,\"caption\":\"Effector\"},\"image\":{\"@id\":\"https:\/\/project-effector.eu\/en\/#\/schema\/logo\/image\/\"}}]}<\/script>\n<!-- \/ Yoast SEO plugin. -->","yoast_head_json":{"title":"Philippe Grenier - Effector","robots":{"index":"index","follow":"follow","max-snippet":"max-snippet:-1","max-image-preview":"max-image-preview:large","max-video-preview":"max-video-preview:-1"},"canonical":"https:\/\/project-effector.eu\/en\/philippe-grenier\/","og_locale":"en_US","og_type":"article","og_title":"Philippe Grenier - Effector","og_description":"Nom et pr\u00e9nom Titre\/Grade R\u00f4le dans le projet : Organisation : Section Pr\u00e9sentation Pr\u00e9sentation r\u00e9sum\u00e9e (parcours, comp\u00e9tences, exp\u00e9riences majeures) \u00a0 Section formation Formation acad\u00e9mique (liste)\u00a0: Ann\u00e9e\/Dipl\u00f4me\/Institution\/Ville\/Pays \u2026 \u00a0 Section sp\u00e9cialit\u00e9s Sujets de recherche\u00a0(liste) : Th\u00e8se\u00a0: titre, ann\u00e9e de soutenance, directeur.rice de th\u00e8se, institution, th\u00e9matiques abord\u00e9es Autres projets de recherche\u00a0: nom du projet, ann\u00e9e ou p\u00e9riode, [&hellip;]","og_url":"https:\/\/project-effector.eu\/en\/philippe-grenier\/","og_site_name":"Effector","article_modified_time":"2026-03-12T08:51:27+00:00","og_image":[{"url":"https:\/\/project-effector.eu\/wp-content\/uploads\/ac_assets\/team_member_grid\/avatar.jpeg","type":"","width":"","height":""}],"twitter_card":"summary_large_image","twitter_misc":{"Est. reading time":"1 minute"},"schema":{"@context":"https:\/\/schema.org","@graph":[{"@type":"WebPage","@id":"https:\/\/project-effector.eu\/en\/philippe-grenier\/","url":"https:\/\/project-effector.eu\/en\/philippe-grenier\/","name":"Philippe Grenier - Effector","isPartOf":{"@id":"https:\/\/project-effector.eu\/en\/#website"},"primaryImageOfPage":{"@id":"https:\/\/project-effector.eu\/en\/philippe-grenier\/#primaryimage"},"image":{"@id":"https:\/\/project-effector.eu\/en\/philippe-grenier\/#primaryimage"},"thumbnailUrl":"https:\/\/project-effector.eu\/wp-content\/uploads\/ac_assets\/team_member_grid\/avatar.jpeg","datePublished":"2025-04-08T07:37:25+00:00","dateModified":"2026-03-12T08:51:27+00:00","breadcrumb":{"@id":"https:\/\/project-effector.eu\/en\/philippe-grenier\/#breadcrumb"},"inLanguage":"en-US","potentialAction":[{"@type":"ReadAction","target":["https:\/\/project-effector.eu\/en\/philippe-grenier\/"]}]},{"@type":"ImageObject","inLanguage":"en-US","@id":"https:\/\/project-effector.eu\/en\/philippe-grenier\/#primaryimage","url":"https:\/\/project-effector.eu\/wp-content\/uploads\/ac_assets\/team_member_grid\/avatar.jpeg","contentUrl":"https:\/\/project-effector.eu\/wp-content\/uploads\/ac_assets\/team_member_grid\/avatar.jpeg"},{"@type":"BreadcrumbList","@id":"https:\/\/project-effector.eu\/en\/philippe-grenier\/#breadcrumb","itemListElement":[{"@type":"ListItem","position":1,"name":"Accueil","item":"https:\/\/project-effector.eu\/en\/"},{"@type":"ListItem","position":2,"name":"Philippe Grenier"}]},{"@type":"WebSite","@id":"https:\/\/project-effector.eu\/en\/#website","url":"https:\/\/project-effector.eu\/en\/","name":"Effector","description":"","publisher":{"@id":"https:\/\/project-effector.eu\/en\/#organization"},"potentialAction":[{"@type":"SearchAction","target":{"@type":"EntryPoint","urlTemplate":"https:\/\/project-effector.eu\/en\/?s={search_term_string}"},"query-input":{"@type":"PropertyValueSpecification","valueRequired":true,"valueName":"search_term_string"}}],"inLanguage":"en-US"},{"@type":"Organization","@id":"https:\/\/project-effector.eu\/en\/#organization","name":"Effector","url":"https:\/\/project-effector.eu\/en\/","logo":{"@type":"ImageObject","inLanguage":"en-US","@id":"https:\/\/project-effector.eu\/en\/#\/schema\/logo\/image\/","url":"https:\/\/project-effector.eu\/wp-content\/uploads\/2025\/01\/Logo-EFFECTOR-CMJN-FINAL.png","contentUrl":"https:\/\/project-effector.eu\/wp-content\/uploads\/2025\/01\/Logo-EFFECTOR-CMJN-FINAL.png","width":2560,"height":404,"caption":"Effector"},"image":{"@id":"https:\/\/project-effector.eu\/en\/#\/schema\/logo\/image\/"}}]}},"_links":{"self":[{"href":"https:\/\/project-effector.eu\/en\/wp-json\/wp\/v2\/pages\/3334","targetHints":{"allow":["GET"]}}],"collection":[{"href":"https:\/\/project-effector.eu\/en\/wp-json\/wp\/v2\/pages"}],"about":[{"href":"https:\/\/project-effector.eu\/en\/wp-json\/wp\/v2\/types\/page"}],"author":[{"embeddable":true,"href":"https:\/\/project-effector.eu\/en\/wp-json\/wp\/v2\/users\/1"}],"replies":[{"embeddable":true,"href":"https:\/\/project-effector.eu\/en\/wp-json\/wp\/v2\/comments?post=3334"}],"version-history":[{"count":4,"href":"https:\/\/project-effector.eu\/en\/wp-json\/wp\/v2\/pages\/3334\/revisions"}],"predecessor-version":[{"id":3854,"href":"https:\/\/project-effector.eu\/en\/wp-json\/wp\/v2\/pages\/3334\/revisions\/3854"}],"wp:attachment":[{"href":"https:\/\/project-effector.eu\/en\/wp-json\/wp\/v2\/media?parent=3334"}],"curies":[{"name":"wp","href":"https:\/\/api.w.org\/{rel}","templated":true}]}}